{"id":6006,"date":"2014-07-22T12:03:34","date_gmt":"2014-07-22T11:03:34","guid":{"rendered":"http:\/\/s510684789.onlinehome.fr\/clients\/avocatscreteil\/?page_id=6006"},"modified":"2019-07-11T15:54:09","modified_gmt":"2019-07-11T14:54:09","slug":"valeurs-et-engagements","status":"publish","type":"page","link":"http:\/\/www.actis-avocats.fr\/?page_id=6006","title":{"rendered":"Valeurs et engagements"},"content":{"rendered":"<p><span style=\"color: #808080; font-family: verdana,geneva; font-size: 10pt;\">Le cabinet ACTIS garantit \u00e0 ses clients un engagement de tous les instants \u00e0 leur c\u00f4t\u00e9, pour la d\u00e9fense de leurs int\u00e9r\u00eats.<\/span><\/p>\n<p><span style=\"color: #808080; font-family: verdana,geneva; font-size: 10pt;\">Chacun s\u2019engage au sein du cabinet \u00e0 appliquer vis-\u00e0-vis de ses clients les priorit\u00e9s suivantes\u00a0:<\/span><\/p>\n<p><span style=\"color: #808080; font-family: verdana,geneva; font-size: 10pt;\">1-Disponibilit\u00e9<br \/>\n2-Transparence dans le suivi des dossiers et la fixation des honoraires<br \/>\n3-D\u00e9limitation de nos comp\u00e9tences<br \/>\n4-Suivi scrupuleux et pr\u00e9cis des proc\u00e9dures<br \/>\n5-Respect rigoureux des principes de d\u00e9ontologie<br \/>\n6-Devoir de conseil et d\u2019information afin d\u2019orienter le client dans la plus grande s\u00e9curit\u00e9 juridique et\/ou de lui expliquer l\u2019\u00e9volution et l\u2019avancement de son dossier<\/span><\/p>\n<p><span style=\"color: #808080; font-family: verdana,geneva; font-size: 10pt;\">Chaque avocat associ\u00e9 du cabinet, exp\u00e9riment\u00e9, rigoureux et respectueux de la d\u00e9ontologie s\u2019engage \u00e0 mettre son \u00e9nergie et ses comp\u00e9tences au service de ses clients.<\/span><\/p>\n<br \/>\n<p><span style=\"font-size: 12pt;\"><strong>D\u00e9termination des honoraires<\/strong> <\/span><br \/>\n<span style=\"font-family: verdana,geneva; font-size: 10pt;\">Les honoraires sont fix\u00e9s dans le respect des crit\u00e8res du r\u00e8glement int\u00e9rieur de l\u2019ordre des avocats et un devis sera \u00e9tabli \u00e0 la demande, qu\u2019il s\u2019agisse d\u2019une facturation au taux honoraire, forfaitaire ou d\u2019une convention d\u2019honoraire pr\u00e9voyant un honoraire de r\u00e9sultat.<\/span><\/p>\n<p><span style=\"font-family: verdana,geneva; font-size: 10pt;\">A d\u00e9faut de convention entre l\u2019avocat et son client, les honoraire sont fix\u00e9s selon les usages, en fonction de la situation de fortune du client, de la difficult\u00e9 de l\u2019affaire, des frais expos\u00e9s par l\u2019avocat, de la notori\u00e9t\u00e9 et des diligences de celui-ci. L\u2019avocat charg\u00e9 d\u2019un dossier peut demander des honoraires m\u00eame si ce dossier lui est retir\u00e9 avant sa conclusion, dans la mesure du travail accompli.<\/span><\/p>\n<p><strong><span style=\"font-size: 12pt;\">Information du client<\/span><br \/>\n<\/strong><span style=\"font-family: verdana,geneva; font-size: 10pt;\">L\u2019avocat informe son client, d\u00e8s sa saisine, puis de mani\u00e8re r\u00e9guli\u00e8re, des modalit\u00e9s de d\u00e9termination des honoraires et de l\u2019\u00e9volution pr\u00e9visible de leur montant. Le cas \u00e9ch\u00e9ant, ces informations figurent dans la convention d\u2019honoraires. Sauf si l\u2019avocat intervient en urgence devant une juridiction, une telle convention est obligatoire lorsque l\u2019avocat est r\u00e9mun\u00e9r\u00e9 en tout ou partie, au titre d\u2019un contrat d\u2019assurance de protection juridique.<\/span><\/p>\n<p><strong><span style=\"font-size: 12pt;\">El\u00e9ments de la r\u00e9mun\u00e9ration<\/span><br \/>\n<\/strong><span style=\"font-family: verdana,geneva; font-size: 10pt;\">La r\u00e9mun\u00e9ration de l\u2019avocat est fonction, notamment, de chacun des \u00e9l\u00e9ments suivants conform\u00e9ment aux usages\u00a0:<\/span><\/p>\n<p><span style=\"font-family: verdana,geneva; font-size: 10pt;\">Le temps consacr\u00e9 \u00e0 l\u2019affaire, Le travail de recherche, La nature et la difficult\u00e9 de l\u2019affaire, L\u2019important des int\u00e9r\u00eats en cause, L\u2019incidence des frais et charges du cabinet auquel il appartient, Sa notori\u00e9t\u00e9, ses titres, son anciennet\u00e9, son exp\u00e9rience et la sp\u00e9cialisation dont il est titulaire, Les avantages et le r\u00e9sultat obtenus au profit du client par son travail, ainsi que le service rendu \u00e0 celui-ci, La situation de fortune du client<\/span><\/p>\n<br \/>\n<p><span style=\"color: #333399; font-size: 12pt;\">\u00a0<strong>Quelques liens utiles\u00a0<\/strong><\/span><\/p>\n<ul>\n<li><strong>Textes de lois, Codes, Journal Officiel, Jurisprudence, Conventions Collectives<\/strong> <a href=\"http:\/\/www.legifrance.gouv.fr\/\">http:\/\/www.legifrance.gouv.fr<\/a><\/li>\n<li><strong>D\u00e9marches administratives<\/strong> <a href=\"http:\/\/www.servicepublic.fr\/\">http:\/\/www.servicepublic.fr<\/a><\/li>\n<li><strong>Minist\u00e8re de la Justice<\/strong> <a href=\"http:\/\/www.justice.gouv.fr\/\">http:\/\/www.justice.gouv.fr<\/a><\/li>\n<li><strong>Droit europ\u00e9en<\/strong> <a href=\"http:\/\/www.europa.eu.int\/\">http:\/\/www.europa.eu.int<\/a><\/li>\n<li><strong>Chambre de Commerce et d\u2019Industrie de Paris &#8211; Val de Marne<\/strong> <a href=\"http:\/\/www.ccip94.ccip.fr\/\">http:\/\/www.ccip94.ccip.fr<\/a><\/li>\n<\/ul>\n<p><span style=\"color: #000000; font-family: Calibri; font-size: medium;\">\u00a0<\/span><\/p>\n<br \/>\n","protected":false},"excerpt":{"rendered":"<p>Le cabinet ACTIS garantit \u00e0 ses clients un engagement de tous les instants \u00e0 leur c\u00f4t\u00e9, pour la d\u00e9fense de leurs int\u00e9r\u00eats. Chacun s\u2019engage au sein du cabinet \u00e0 appliquer vis-\u00e0-vis de ses clients les priorit\u00e9s suivantes\u00a0: 1-Disponibilit\u00e9 2-Transparence dans le suivi des dossiers et la fixation des honoraires 3-D\u00e9limitation de nos comp\u00e9tences 4-Suivi scrupuleux&#8230;<\/p>\n","protected":false},"author":1,"featured_media":0,"parent":0,"menu_order":4,"comment_status":"open","ping_status":"open","template":"","meta":[],"_links":{"self":[{"href":"http:\/\/www.actis-avocats.fr\/index.php?rest_route=\/wp\/v2\/pages\/6006"}],"collection":[{"href":"http:\/\/www.actis-avocats.fr\/index.php?rest_route=\/wp\/v2\/pages"}],"about":[{"href":"http:\/\/www.actis-avocats.fr\/index.php?rest_route=\/wp\/v2\/types\/page"}],"author":[{"embeddable":true,"href":"http:\/\/www.actis-avocats.fr\/index.php?rest_route=\/wp\/v2\/users\/1"}],"replies":[{"embeddable":true,"href":"http:\/\/www.actis-avocats.fr\/index.php?rest_route=%2Fwp%2Fv2%2Fcomments&post=6006"}],"version-history":[{"count":7,"href":"http:\/\/www.actis-avocats.fr\/index.php?rest_route=\/wp\/v2\/pages\/6006\/revisions"}],"predecessor-version":[{"id":6173,"href":"http:\/\/www.actis-avocats.fr\/index.php?rest_route=\/wp\/v2\/pages\/6006\/revisions\/6173"}],"wp:attachment":[{"href":"http:\/\/www.actis-avocats.fr\/index.php?rest_route=%2Fwp%2Fv2%2Fmedia&parent=6006"}],"curies":[{"name":"wp","href":"https:\/\/api.w.org\/{rel}","templated":true}]}}